{"id":1720,"date":"2023-12-16T09:10:07","date_gmt":"2023-12-16T12:10:07","guid":{"rendered":"https:\/\/www.yazminaraies.com\/?post_type=product&#038;p=1720"},"modified":"2026-04-19T14:30:36","modified_gmt":"2026-04-19T17:30:36","slug":"piano-tango-para-avanzados","status":"publish","type":"product","link":"https:\/\/www.yazminaraies.com\/en\/product\/piano-tango-para-avanzados\/","title":{"rendered":"Piano Tango para Avanzados  (10% Off por Transferencia)"},"content":{"rendered":"<p><strong>IMPORTANTE: Los pedidos realizados desde hoy 13 de enero de 2026 seran despachados o coordinados a partir del mes de FEBRERO.<\/strong><\/p>\n<p><strong>Disponibles hasta agotar stock.\u00a0 Sino hay stock igualmente podes reservar con entrega de 3 semanas a un mes desde su reserva.<\/strong><\/p>\n<p><strong>Todos los libros tienen un 10% de descuento si elegis \u00abTransferencia Bancaria Directa\u00bb o 3 cuotas sin inter\u00e9s.<\/strong><\/p>\n<p>\u00a1Lucite y maravilla a tu audiencia con estos arreglos en nivel Avanzado! Este libro tiene todos los desaf\u00edos que un pianista busca. Virtuosismo y musicalidad en cada arreglo y sin perder la esencia de las melod\u00edas hermosas de nuestro tango. Si ya tocas el piano hace muchos a\u00f1os y ten\u00e9s ganas de renovar tu repertorio, de innovar con interpretaciones nuevas en tus conciertos, este es tu libro.<\/p>\n<p>Doce arreglos pensados al detalle para que te luzcas y te diviertas estudiandolos!<\/p>\n<p>Te dejo aqui debajo el \u00edndice con los t\u00edtulos y un link para que puedas escucharlos.<\/p>\n<p>Escuch\u00e1 los arreglos de este libro, ac\u00e1: <a href=\"https:\/\/www.youtube.com\/watch?v=5LBxg6VUzaU&amp;list=PLlxd4dV6Tvxs9wQojXjDUY7dbdPY1jVqz\">Arreglos<\/a><\/p>\n<p>1- La Cachila<\/p>\n<p>2- La Cumparsita<\/p>\n<p>3- Cafetin de Buenos Aires<\/p>\n<p>4- Milonguero Viejo<\/p>\n<p>5- Desde el Alma<\/p>\n<p>6- Niebla del Riachuelo<\/p>\n<p>7- Danzar\u00edn<\/p>\n<p>8- El d\u00eda que me quieras<\/p>\n<p>9- El Porte\u00f1ito<\/p>\n<p>10- Los Mareados<\/p>\n<p>11- El Andariego<\/p>\n<p>12- Palomita Blanca<\/p>","protected":false},"excerpt":{"rendered":"<p>IMPORTANTE: Los pedidos realizados desde hoy 13 de enero de 2026 seran despachados o coordinados a partir del mes de FEBRERO. Disponibles hasta agotar stock.\u00a0 Sino hay stock igualmente podes reservar con entrega de 3 semanas a un mes desde su reserva. Todos los libros tienen un 10% de descuento si elegis \u00abTransferencia Bancaria Directa\u00bb [&hellip;]<\/p>\n","protected":false},"featured_media":2073,"comment_status":"open","ping_status":"closed","template":"","meta":[],"product_brand":[],"product_cat":[21],"product_tag":[33],"class_list":{"0":"post-1720","1":"product","2":"type-product","3":"status-publish","4":"has-post-thumbnail","6":"product_cat-libros","7":"product_tag-avanzados","9":"first","10":"instock","11":"shipping-taxable","12":"purchasable","13":"product-type-simple"},"yoast_head":"<!-- This site is optimized with the Yoast SEO plugin v26.9 - https:\/\/yoast.com\/product\/yoast-seo-wordpress\/ -->\n<title>Piano Tango para Avanzados (10% Off por Transferencia) - Yazmina Raies<\/title>\n<meta name=\"robots\" content=\"index, follow, max-snippet:-1, max-image-preview:large, max-video-preview:-1\" \/>\n<link rel=\"canonical\" href=\"https:\/\/www.yazminaraies.com\/en\/product\/piano-tango-para-avanzados\/\" \/>\n<meta property=\"og:locale\" content=\"en_US\" \/>\n<meta property=\"og:type\" content=\"article\" \/>\n<meta property=\"og:title\" content=\"Piano Tango para Avanzados (10% Off por Transferencia) - Yazmina Raies\" \/>\n<meta property=\"og:description\" content=\"IMPORTANTE: Los pedidos realizados desde hoy 13 de enero de 2026 seran despachados o coordinados a partir del mes de FEBRERO. Disponibles hasta agotar stock.\u00a0 Sino hay stock igualmente podes reservar con entrega de 3 semanas a un mes desde su reserva. Todos los libros tienen un 10% de descuento si elegis \u00abTransferencia Bancaria Directa\u00bb [&hellip;]\" \/>\n<meta property=\"og:url\" content=\"https:\/\/www.yazminaraies.com\/en\/product\/piano-tango-para-avanzados\/\" \/>\n<meta property=\"og:site_name\" content=\"Yazmina Raies\" \/>\n<meta property=\"article:modified_time\" content=\"2026-04-19T17:30:36+00:00\" \/>\n<meta property=\"og:image\" content=\"https:\/\/www.yazminaraies.com\/wp-content\/uploads\/2023\/12\/Avanzados.png\" \/>\n\t<meta property=\"og:image:width\" content=\"2000\" \/>\n\t<meta property=\"og:image:height\" content=\"2000\" \/>\n\t<meta property=\"og:image:type\" content=\"image\/png\" \/>\n<meta name=\"twitter:card\" content=\"summary_large_image\" \/>\n<meta name=\"twitter:label1\" content=\"Est. reading time\" \/>\n\t<meta name=\"twitter:data1\" content=\"2 minutes\" \/>\n<script type=\"application\/ld+json\" class=\"yoast-schema-graph\">{\"@context\":\"https:\/\/schema.org\",\"@graph\":[{\"@type\":\"WebPage\",\"@id\":\"https:\/\/www.yazminaraies.com\/producto\/piano-tango-para-avanzados\/\",\"url\":\"https:\/\/www.yazminaraies.com\/producto\/piano-tango-para-avanzados\/\",\"name\":\"Piano Tango para Avanzados (10% Off por Transferencia) - Yazmina Raies\",\"isPartOf\":{\"@id\":\"https:\/\/www.yazminaraies.com\/#website\"},\"primaryImageOfPage\":{\"@id\":\"https:\/\/www.yazminaraies.com\/producto\/piano-tango-para-avanzados\/#primaryimage\"},\"image\":{\"@id\":\"https:\/\/www.yazminaraies.com\/producto\/piano-tango-para-avanzados\/#primaryimage\"},\"thumbnailUrl\":\"https:\/\/www.yazminaraies.com\/wp-content\/uploads\/2023\/12\/Avanzados.png\",\"datePublished\":\"2023-12-16T12:10:07+00:00\",\"dateModified\":\"2026-04-19T17:30:36+00:00\",\"breadcrumb\":{\"@id\":\"https:\/\/www.yazminaraies.com\/producto\/piano-tango-para-avanzados\/#breadcrumb\"},\"inLanguage\":\"en-US\",\"potentialAction\":[{\"@type\":\"ReadAction\",\"target\":[\"https:\/\/www.yazminaraies.com\/producto\/piano-tango-para-avanzados\/\"]}]},{\"@type\":\"ImageObject\",\"inLanguage\":\"en-US\",\"@id\":\"https:\/\/www.yazminaraies.com\/producto\/piano-tango-para-avanzados\/#primaryimage\",\"url\":\"https:\/\/www.yazminaraies.com\/wp-content\/uploads\/2023\/12\/Avanzados.png\",\"contentUrl\":\"https:\/\/www.yazminaraies.com\/wp-content\/uploads\/2023\/12\/Avanzados.png\",\"width\":2000,\"height\":2000},{\"@type\":\"BreadcrumbList\",\"@id\":\"https:\/\/www.yazminaraies.com\/producto\/piano-tango-para-avanzados\/#breadcrumb\",\"itemListElement\":[{\"@type\":\"ListItem\",\"position\":1,\"name\":\"Inicio\",\"item\":\"https:\/\/www.yazminaraies.com\/\"},{\"@type\":\"ListItem\",\"position\":2,\"name\":\"Shop\",\"item\":\"https:\/\/www.yazminaraies.com\/tienda\/\"},{\"@type\":\"ListItem\",\"position\":3,\"name\":\"Piano Tango para Avanzados (10% Off por Transferencia)\"}]},{\"@type\":\"WebSite\",\"@id\":\"https:\/\/www.yazminaraies.com\/#website\",\"url\":\"https:\/\/www.yazminaraies.com\/\",\"name\":\"Yazmina Raies\",\"description\":\"\",\"publisher\":{\"@id\":\"https:\/\/www.yazminaraies.com\/#organization\"},\"potentialAction\":[{\"@type\":\"SearchAction\",\"target\":{\"@type\":\"EntryPoint\",\"urlTemplate\":\"https:\/\/www.yazminaraies.com\/?s={search_term_string}\"},\"query-input\":{\"@type\":\"PropertyValueSpecification\",\"valueRequired\":true,\"valueName\":\"search_term_string\"}}],\"inLanguage\":\"en-US\"},{\"@type\":\"Organization\",\"@id\":\"https:\/\/www.yazminaraies.com\/#organization\",\"name\":\"Yazmina Raies\",\"url\":\"https:\/\/www.yazminaraies.com\/\",\"logo\":{\"@type\":\"ImageObject\",\"inLanguage\":\"en-US\",\"@id\":\"https:\/\/www.yazminaraies.com\/#\/schema\/logo\/image\/\",\"url\":\"https:\/\/www.yazminaraies.com\/wp-content\/uploads\/2023\/10\/Yazmina-Raies-LogoFINAL-PNG-1.png\",\"contentUrl\":\"https:\/\/www.yazminaraies.com\/wp-content\/uploads\/2023\/10\/Yazmina-Raies-LogoFINAL-PNG-1.png\",\"width\":5882,\"height\":1789,\"caption\":\"Yazmina Raies\"},\"image\":{\"@id\":\"https:\/\/www.yazminaraies.com\/#\/schema\/logo\/image\/\"}}]}<\/script>\n<!-- \/ Yoast SEO plugin. -->","yoast_head_json":{"title":"Piano Tango para Avanzados (10% Off por Transferencia) - Yazmina Raies","robots":{"index":"index","follow":"follow","max-snippet":"max-snippet:-1","max-image-preview":"max-image-preview:large","max-video-preview":"max-video-preview:-1"},"canonical":"https:\/\/www.yazminaraies.com\/en\/product\/piano-tango-para-avanzados\/","og_locale":"en_US","og_type":"article","og_title":"Piano Tango para Avanzados (10% Off por Transferencia) - Yazmina Raies","og_description":"IMPORTANTE: Los pedidos realizados desde hoy 13 de enero de 2026 seran despachados o coordinados a partir del mes de FEBRERO. Disponibles hasta agotar stock.\u00a0 Sino hay stock igualmente podes reservar con entrega de 3 semanas a un mes desde su reserva. Todos los libros tienen un 10% de descuento si elegis \u00abTransferencia Bancaria Directa\u00bb [&hellip;]","og_url":"https:\/\/www.yazminaraies.com\/en\/product\/piano-tango-para-avanzados\/","og_site_name":"Yazmina Raies","article_modified_time":"2026-04-19T17:30:36+00:00","og_image":[{"width":2000,"height":2000,"url":"https:\/\/www.yazminaraies.com\/wp-content\/uploads\/2023\/12\/Avanzados.png","type":"image\/png"}],"twitter_card":"summary_large_image","twitter_misc":{"Est. reading time":"2 minutes"},"schema":{"@context":"https:\/\/schema.org","@graph":[{"@type":"WebPage","@id":"https:\/\/www.yazminaraies.com\/producto\/piano-tango-para-avanzados\/","url":"https:\/\/www.yazminaraies.com\/producto\/piano-tango-para-avanzados\/","name":"Piano Tango para Avanzados (10% Off por Transferencia) - Yazmina Raies","isPartOf":{"@id":"https:\/\/www.yazminaraies.com\/#website"},"primaryImageOfPage":{"@id":"https:\/\/www.yazminaraies.com\/producto\/piano-tango-para-avanzados\/#primaryimage"},"image":{"@id":"https:\/\/www.yazminaraies.com\/producto\/piano-tango-para-avanzados\/#primaryimage"},"thumbnailUrl":"https:\/\/www.yazminaraies.com\/wp-content\/uploads\/2023\/12\/Avanzados.png","datePublished":"2023-12-16T12:10:07+00:00","dateModified":"2026-04-19T17:30:36+00:00","breadcrumb":{"@id":"https:\/\/www.yazminaraies.com\/producto\/piano-tango-para-avanzados\/#breadcrumb"},"inLanguage":"en-US","potentialAction":[{"@type":"ReadAction","target":["https:\/\/www.yazminaraies.com\/producto\/piano-tango-para-avanzados\/"]}]},{"@type":"ImageObject","inLanguage":"en-US","@id":"https:\/\/www.yazminaraies.com\/producto\/piano-tango-para-avanzados\/#primaryimage","url":"https:\/\/www.yazminaraies.com\/wp-content\/uploads\/2023\/12\/Avanzados.png","contentUrl":"https:\/\/www.yazminaraies.com\/wp-content\/uploads\/2023\/12\/Avanzados.png","width":2000,"height":2000},{"@type":"BreadcrumbList","@id":"https:\/\/www.yazminaraies.com\/producto\/piano-tango-para-avanzados\/#breadcrumb","itemListElement":[{"@type":"ListItem","position":1,"name":"Inicio","item":"https:\/\/www.yazminaraies.com\/"},{"@type":"ListItem","position":2,"name":"Shop","item":"https:\/\/www.yazminaraies.com\/tienda\/"},{"@type":"ListItem","position":3,"name":"Piano Tango para Avanzados (10% Off por Transferencia)"}]},{"@type":"WebSite","@id":"https:\/\/www.yazminaraies.com\/#website","url":"https:\/\/www.yazminaraies.com\/","name":"Yazmina Raies","description":"","publisher":{"@id":"https:\/\/www.yazminaraies.com\/#organization"},"potentialAction":[{"@type":"SearchAction","target":{"@type":"EntryPoint","urlTemplate":"https:\/\/www.yazminaraies.com\/?s={search_term_string}"},"query-input":{"@type":"PropertyValueSpecification","valueRequired":true,"valueName":"search_term_string"}}],"inLanguage":"en-US"},{"@type":"Organization","@id":"https:\/\/www.yazminaraies.com\/#organization","name":"Yazmina Raies","url":"https:\/\/www.yazminaraies.com\/","logo":{"@type":"ImageObject","inLanguage":"en-US","@id":"https:\/\/www.yazminaraies.com\/#\/schema\/logo\/image\/","url":"https:\/\/www.yazminaraies.com\/wp-content\/uploads\/2023\/10\/Yazmina-Raies-LogoFINAL-PNG-1.png","contentUrl":"https:\/\/www.yazminaraies.com\/wp-content\/uploads\/2023\/10\/Yazmina-Raies-LogoFINAL-PNG-1.png","width":5882,"height":1789,"caption":"Yazmina Raies"},"image":{"@id":"https:\/\/www.yazminaraies.com\/#\/schema\/logo\/image\/"}}]}},"_links":{"self":[{"href":"https:\/\/www.yazminaraies.com\/en\/wp-json\/wp\/v2\/product\/1720","targetHints":{"allow":["GET"]}}],"collection":[{"href":"https:\/\/www.yazminaraies.com\/en\/wp-json\/wp\/v2\/product"}],"about":[{"href":"https:\/\/www.yazminaraies.com\/en\/wp-json\/wp\/v2\/types\/product"}],"replies":[{"embeddable":true,"href":"https:\/\/www.yazminaraies.com\/en\/wp-json\/wp\/v2\/comments?post=1720"}],"wp:featuredmedia":[{"embeddable":true,"href":"https:\/\/www.yazminaraies.com\/en\/wp-json\/wp\/v2\/media\/2073"}],"wp:attachment":[{"href":"https:\/\/www.yazminaraies.com\/en\/wp-json\/wp\/v2\/media?parent=1720"}],"wp:term":[{"taxonomy":"product_brand","embeddable":true,"href":"https:\/\/www.yazminaraies.com\/en\/wp-json\/wp\/v2\/product_brand?post=1720"},{"taxonomy":"product_cat","embeddable":true,"href":"https:\/\/www.yazminaraies.com\/en\/wp-json\/wp\/v2\/product_cat?post=1720"},{"taxonomy":"product_tag","embeddable":true,"href":"https:\/\/www.yazminaraies.com\/en\/wp-json\/wp\/v2\/product_tag?post=1720"}],"curies":[{"name":"wp","href":"https:\/\/api.w.org\/{rel}","templated":true}]}}