{"id":1733,"date":"2023-12-19T09:10:08","date_gmt":"2023-12-19T12:10:08","guid":{"rendered":"https:\/\/www.yazminaraies.com\/?post_type=product&#038;p=1733"},"modified":"2025-05-23T12:15:48","modified_gmt":"2025-05-23T15:15:48","slug":"la-cumparsita-contrabajo-play-along-descargable","status":"publish","type":"product","link":"https:\/\/www.yazminaraies.com\/en\/product\/la-cumparsita-contrabajo-play-along-descargable\/","title":{"rendered":"La cumparsita &#8211; Contrabajo Play Along (Descargable)"},"content":{"rendered":"<p>\u00a1Podes obtener ya\u00a0tu Play Along para divertirte tocando sobre las pistas grabadas con instrumentos reales!<\/p>\n<p>\u00bfQu\u00e9 vas a obtener?<\/p>\n<ul>\n<li>La partitura de tu instrumento escrita en su rol grupal (acompa\u00f1amientos, solos, tuttis, etc) donde podr\u00e1s practicar el rol que tu instrumento cumple en una agrupaci\u00f3n de tango.<\/li>\n<li>La pista completa de referencia en 2 velocidades: lenta y a tiempo real.<\/li>\n<li>La pista sin tu instrumento para que puedas tocar arriba, tambi\u00e9n en 2 velocidades: lenta y a tiempo real.<\/li>\n<li>Recibiras todo de forma digital.<\/li>\n<\/ul>","protected":false},"excerpt":{"rendered":"<p>\u00a1Podes obtener ya\u00a0tu Play Along para divertirte tocando sobre las pistas grabadas con instrumentos reales! \u00bfQu\u00e9 vas a obtener? La partitura de tu instrumento escrita en su rol grupal (acompa\u00f1amientos, solos, tuttis, etc) donde podr\u00e1s practicar el rol que tu instrumento cumple en una agrupaci\u00f3n de tango. La pista completa de referencia en 2 velocidades: [&hellip;]<\/p>\n","protected":false},"featured_media":1752,"comment_status":"open","ping_status":"closed","template":"","meta":[],"product_brand":[],"product_cat":[35,27],"product_tag":[],"class_list":{"0":"post-1733","1":"product","2":"type-product","3":"status-publish","4":"has-post-thumbnail","6":"product_cat-digital-discos","7":"product_cat-play-along","9":"first","10":"instock","11":"downloadable","12":"virtual","13":"purchasable","14":"product-type-simple"},"yoast_head":"<!-- This site is optimized with the Yoast SEO plugin v26.9 - https:\/\/yoast.com\/product\/yoast-seo-wordpress\/ -->\n<title>La cumparsita - Contrabajo Play Along (Descargable) - Yazmina Raies<\/title>\n<meta name=\"robots\" content=\"index, follow, max-snippet:-1, max-image-preview:large, max-video-preview:-1\" \/>\n<link rel=\"canonical\" href=\"https:\/\/www.yazminaraies.com\/en\/product\/la-cumparsita-contrabajo-play-along-descargable\/\" \/>\n<meta property=\"og:locale\" content=\"en_US\" \/>\n<meta property=\"og:type\" content=\"article\" \/>\n<meta property=\"og:title\" content=\"La cumparsita - Contrabajo Play Along (Descargable) - Yazmina Raies\" \/>\n<meta property=\"og:description\" content=\"\u00a1Podes obtener ya\u00a0tu Play Along para divertirte tocando sobre las pistas grabadas con instrumentos reales! \u00bfQu\u00e9 vas a obtener? La partitura de tu instrumento escrita en su rol grupal (acompa\u00f1amientos, solos, tuttis, etc) donde podr\u00e1s practicar el rol que tu instrumento cumple en una agrupaci\u00f3n de tango. La pista completa de referencia en 2 velocidades: [&hellip;]\" \/>\n<meta property=\"og:url\" content=\"https:\/\/www.yazminaraies.com\/en\/product\/la-cumparsita-contrabajo-play-along-descargable\/\" \/>\n<meta property=\"og:site_name\" content=\"Yazmina Raies\" \/>\n<meta property=\"article:modified_time\" content=\"2025-05-23T15:15:48+00:00\" \/>\n<meta property=\"og:image\" content=\"https:\/\/www.yazminaraies.com\/wp-content\/uploads\/2023\/12\/10.png\" \/>\n\t<meta property=\"og:image:width\" content=\"1080\" \/>\n\t<meta property=\"og:image:height\" content=\"1080\" \/>\n\t<meta property=\"og:image:type\" content=\"image\/png\" \/>\n<meta name=\"twitter:card\" content=\"summary_large_image\" \/>\n<script type=\"application\/ld+json\" class=\"yoast-schema-graph\">{\"@context\":\"https:\/\/schema.org\",\"@graph\":[{\"@type\":\"WebPage\",\"@id\":\"https:\/\/www.yazminaraies.com\/producto\/la-cumparsita-contrabajo-play-along-descargable\/\",\"url\":\"https:\/\/www.yazminaraies.com\/producto\/la-cumparsita-contrabajo-play-along-descargable\/\",\"name\":\"La cumparsita - Contrabajo Play Along (Descargable) - Yazmina Raies\",\"isPartOf\":{\"@id\":\"https:\/\/www.yazminaraies.com\/#website\"},\"primaryImageOfPage\":{\"@id\":\"https:\/\/www.yazminaraies.com\/producto\/la-cumparsita-contrabajo-play-along-descargable\/#primaryimage\"},\"image\":{\"@id\":\"https:\/\/www.yazminaraies.com\/producto\/la-cumparsita-contrabajo-play-along-descargable\/#primaryimage\"},\"thumbnailUrl\":\"https:\/\/www.yazminaraies.com\/wp-content\/uploads\/2023\/12\/10.png\",\"datePublished\":\"2023-12-19T12:10:08+00:00\",\"dateModified\":\"2025-05-23T15:15:48+00:00\",\"breadcrumb\":{\"@id\":\"https:\/\/www.yazminaraies.com\/producto\/la-cumparsita-contrabajo-play-along-descargable\/#breadcrumb\"},\"inLanguage\":\"en-US\",\"potentialAction\":[{\"@type\":\"ReadAction\",\"target\":[\"https:\/\/www.yazminaraies.com\/producto\/la-cumparsita-contrabajo-play-along-descargable\/\"]}]},{\"@type\":\"ImageObject\",\"inLanguage\":\"en-US\",\"@id\":\"https:\/\/www.yazminaraies.com\/producto\/la-cumparsita-contrabajo-play-along-descargable\/#primaryimage\",\"url\":\"https:\/\/www.yazminaraies.com\/wp-content\/uploads\/2023\/12\/10.png\",\"contentUrl\":\"https:\/\/www.yazminaraies.com\/wp-content\/uploads\/2023\/12\/10.png\",\"width\":1080,\"height\":1080},{\"@type\":\"BreadcrumbList\",\"@id\":\"https:\/\/www.yazminaraies.com\/producto\/la-cumparsita-contrabajo-play-along-descargable\/#breadcrumb\",\"itemListElement\":[{\"@type\":\"ListItem\",\"position\":1,\"name\":\"Inicio\",\"item\":\"https:\/\/www.yazminaraies.com\/\"},{\"@type\":\"ListItem\",\"position\":2,\"name\":\"Shop\",\"item\":\"https:\/\/www.yazminaraies.com\/tienda\/\"},{\"@type\":\"ListItem\",\"position\":3,\"name\":\"La cumparsita &#8211; Contrabajo Play Along (Descargable)\"}]},{\"@type\":\"WebSite\",\"@id\":\"https:\/\/www.yazminaraies.com\/#website\",\"url\":\"https:\/\/www.yazminaraies.com\/\",\"name\":\"Yazmina Raies\",\"description\":\"\",\"publisher\":{\"@id\":\"https:\/\/www.yazminaraies.com\/#organization\"},\"potentialAction\":[{\"@type\":\"SearchAction\",\"target\":{\"@type\":\"EntryPoint\",\"urlTemplate\":\"https:\/\/www.yazminaraies.com\/?s={search_term_string}\"},\"query-input\":{\"@type\":\"PropertyValueSpecification\",\"valueRequired\":true,\"valueName\":\"search_term_string\"}}],\"inLanguage\":\"en-US\"},{\"@type\":\"Organization\",\"@id\":\"https:\/\/www.yazminaraies.com\/#organization\",\"name\":\"Yazmina Raies\",\"url\":\"https:\/\/www.yazminaraies.com\/\",\"logo\":{\"@type\":\"ImageObject\",\"inLanguage\":\"en-US\",\"@id\":\"https:\/\/www.yazminaraies.com\/#\/schema\/logo\/image\/\",\"url\":\"https:\/\/www.yazminaraies.com\/wp-content\/uploads\/2023\/10\/Yazmina-Raies-LogoFINAL-PNG-1.png\",\"contentUrl\":\"https:\/\/www.yazminaraies.com\/wp-content\/uploads\/2023\/10\/Yazmina-Raies-LogoFINAL-PNG-1.png\",\"width\":5882,\"height\":1789,\"caption\":\"Yazmina Raies\"},\"image\":{\"@id\":\"https:\/\/www.yazminaraies.com\/#\/schema\/logo\/image\/\"}}]}<\/script>\n<!-- \/ Yoast SEO plugin. -->","yoast_head_json":{"title":"La cumparsita - Contrabajo Play Along (Descargable) - Yazmina Raies","robots":{"index":"index","follow":"follow","max-snippet":"max-snippet:-1","max-image-preview":"max-image-preview:large","max-video-preview":"max-video-preview:-1"},"canonical":"https:\/\/www.yazminaraies.com\/en\/product\/la-cumparsita-contrabajo-play-along-descargable\/","og_locale":"en_US","og_type":"article","og_title":"La cumparsita - Contrabajo Play Along (Descargable) - Yazmina Raies","og_description":"\u00a1Podes obtener ya\u00a0tu Play Along para divertirte tocando sobre las pistas grabadas con instrumentos reales! \u00bfQu\u00e9 vas a obtener? La partitura de tu instrumento escrita en su rol grupal (acompa\u00f1amientos, solos, tuttis, etc) donde podr\u00e1s practicar el rol que tu instrumento cumple en una agrupaci\u00f3n de tango. La pista completa de referencia en 2 velocidades: [&hellip;]","og_url":"https:\/\/www.yazminaraies.com\/en\/product\/la-cumparsita-contrabajo-play-along-descargable\/","og_site_name":"Yazmina Raies","article_modified_time":"2025-05-23T15:15:48+00:00","og_image":[{"width":1080,"height":1080,"url":"https:\/\/www.yazminaraies.com\/wp-content\/uploads\/2023\/12\/10.png","type":"image\/png"}],"twitter_card":"summary_large_image","schema":{"@context":"https:\/\/schema.org","@graph":[{"@type":"WebPage","@id":"https:\/\/www.yazminaraies.com\/producto\/la-cumparsita-contrabajo-play-along-descargable\/","url":"https:\/\/www.yazminaraies.com\/producto\/la-cumparsita-contrabajo-play-along-descargable\/","name":"La cumparsita - Contrabajo Play Along (Descargable) - Yazmina Raies","isPartOf":{"@id":"https:\/\/www.yazminaraies.com\/#website"},"primaryImageOfPage":{"@id":"https:\/\/www.yazminaraies.com\/producto\/la-cumparsita-contrabajo-play-along-descargable\/#primaryimage"},"image":{"@id":"https:\/\/www.yazminaraies.com\/producto\/la-cumparsita-contrabajo-play-along-descargable\/#primaryimage"},"thumbnailUrl":"https:\/\/www.yazminaraies.com\/wp-content\/uploads\/2023\/12\/10.png","datePublished":"2023-12-19T12:10:08+00:00","dateModified":"2025-05-23T15:15:48+00:00","breadcrumb":{"@id":"https:\/\/www.yazminaraies.com\/producto\/la-cumparsita-contrabajo-play-along-descargable\/#breadcrumb"},"inLanguage":"en-US","potentialAction":[{"@type":"ReadAction","target":["https:\/\/www.yazminaraies.com\/producto\/la-cumparsita-contrabajo-play-along-descargable\/"]}]},{"@type":"ImageObject","inLanguage":"en-US","@id":"https:\/\/www.yazminaraies.com\/producto\/la-cumparsita-contrabajo-play-along-descargable\/#primaryimage","url":"https:\/\/www.yazminaraies.com\/wp-content\/uploads\/2023\/12\/10.png","contentUrl":"https:\/\/www.yazminaraies.com\/wp-content\/uploads\/2023\/12\/10.png","width":1080,"height":1080},{"@type":"BreadcrumbList","@id":"https:\/\/www.yazminaraies.com\/producto\/la-cumparsita-contrabajo-play-along-descargable\/#breadcrumb","itemListElement":[{"@type":"ListItem","position":1,"name":"Inicio","item":"https:\/\/www.yazminaraies.com\/"},{"@type":"ListItem","position":2,"name":"Shop","item":"https:\/\/www.yazminaraies.com\/tienda\/"},{"@type":"ListItem","position":3,"name":"La cumparsita &#8211; Contrabajo Play Along (Descargable)"}]},{"@type":"WebSite","@id":"https:\/\/www.yazminaraies.com\/#website","url":"https:\/\/www.yazminaraies.com\/","name":"Yazmina Raies","description":"","publisher":{"@id":"https:\/\/www.yazminaraies.com\/#organization"},"potentialAction":[{"@type":"SearchAction","target":{"@type":"EntryPoint","urlTemplate":"https:\/\/www.yazminaraies.com\/?s={search_term_string}"},"query-input":{"@type":"PropertyValueSpecification","valueRequired":true,"valueName":"search_term_string"}}],"inLanguage":"en-US"},{"@type":"Organization","@id":"https:\/\/www.yazminaraies.com\/#organization","name":"Yazmina Raies","url":"https:\/\/www.yazminaraies.com\/","logo":{"@type":"ImageObject","inLanguage":"en-US","@id":"https:\/\/www.yazminaraies.com\/#\/schema\/logo\/image\/","url":"https:\/\/www.yazminaraies.com\/wp-content\/uploads\/2023\/10\/Yazmina-Raies-LogoFINAL-PNG-1.png","contentUrl":"https:\/\/www.yazminaraies.com\/wp-content\/uploads\/2023\/10\/Yazmina-Raies-LogoFINAL-PNG-1.png","width":5882,"height":1789,"caption":"Yazmina Raies"},"image":{"@id":"https:\/\/www.yazminaraies.com\/#\/schema\/logo\/image\/"}}]}},"_links":{"self":[{"href":"https:\/\/www.yazminaraies.com\/en\/wp-json\/wp\/v2\/product\/1733","targetHints":{"allow":["GET"]}}],"collection":[{"href":"https:\/\/www.yazminaraies.com\/en\/wp-json\/wp\/v2\/product"}],"about":[{"href":"https:\/\/www.yazminaraies.com\/en\/wp-json\/wp\/v2\/types\/product"}],"replies":[{"embeddable":true,"href":"https:\/\/www.yazminaraies.com\/en\/wp-json\/wp\/v2\/comments?post=1733"}],"wp:featuredmedia":[{"embeddable":true,"href":"https:\/\/www.yazminaraies.com\/en\/wp-json\/wp\/v2\/media\/1752"}],"wp:attachment":[{"href":"https:\/\/www.yazminaraies.com\/en\/wp-json\/wp\/v2\/media?parent=1733"}],"wp:term":[{"taxonomy":"product_brand","embeddable":true,"href":"https:\/\/www.yazminaraies.com\/en\/wp-json\/wp\/v2\/product_brand?post=1733"},{"taxonomy":"product_cat","embeddable":true,"href":"https:\/\/www.yazminaraies.com\/en\/wp-json\/wp\/v2\/product_cat?post=1733"},{"taxonomy":"product_tag","embeddable":true,"href":"https:\/\/www.yazminaraies.com\/en\/wp-json\/wp\/v2\/product_tag?post=1733"}],"curies":[{"name":"wp","href":"https:\/\/api.w.org\/{rel}","templated":true}]}}