{"id":1736,"date":"2023-12-19T09:10:08","date_gmt":"2023-12-19T12:10:08","guid":{"rendered":"https:\/\/www.yazminaraies.com\/?post_type=product&#038;p=1736"},"modified":"2026-04-16T10:45:37","modified_gmt":"2026-04-16T13:45:37","slug":"valses-y-milongas","status":"publish","type":"product","link":"https:\/\/www.yazminaraies.com\/en\/product\/valses-y-milongas\/","title":{"rendered":"Valses y Milongas (10% Off por transferencia)"},"content":{"rendered":"<p><strong>IMPORTANTE: Los pedidos realizados desde hoy 13 de enero de 2026 seran despachados o coordinados a partir del mes de FEBRERO.<\/strong><\/p>\n<p><strong>Disponibles hasta agotar stock.\u00a0 Sino hay stock igualmente podes reservar con entrega de 3 semanas a un mes desde su reserva.<\/strong><\/p>\n<p><strong>Todos los libros tienen un 10% de descuento si elegis \u00abTransferencia Bancaria Directa\u00bb o 3 cuotas sin inter\u00e9s.<\/strong><\/p>\n<p>Este libro presenta 6 de las composiciones m\u00e1s emblem\u00e1ticas acompa\u00f1adas de un BONUS con los valses y milongas incluidos en\u00a0 mis otros libros de Piano Tango tambi\u00e9n. Nivel Intermedio.<\/p>\n<p><strong>Indice<\/strong><\/p>\n<p>&nbsp;<\/p>\n<ul>\n<li>Caser\u00f3n de tejas<\/li>\n<li>El esquinazo<\/li>\n<li>Romance de barrio<\/li>\n<li>Mano brava<\/li>\n<li>Pedacito de Cielo<\/li>\n<li>Nocturna<\/li>\n<li>BONUS: Campo afuera &#8211; Milonga de mis amores &#8211; Desde el alma &#8211; Flor de Lino<\/li>\n<\/ul>","protected":false},"excerpt":{"rendered":"<p>IMPORTANTE: Los pedidos realizados desde hoy 13 de enero de 2026 seran despachados o coordinados a partir del mes de FEBRERO. Disponibles hasta agotar stock.\u00a0 Sino hay stock igualmente podes reservar con entrega de 3 semanas a un mes desde su reserva. Todos los libros tienen un 10% de descuento si elegis \u00abTransferencia Bancaria Directa\u00bb [&hellip;]<\/p>\n","protected":false},"featured_media":2076,"comment_status":"open","ping_status":"closed","template":"","meta":[],"product_brand":[],"product_cat":[37,21],"product_tag":[],"class_list":{"0":"post-1736","1":"product","2":"type-product","3":"status-publish","4":"has-post-thumbnail","6":"product_cat-fisico","7":"product_cat-libros","9":"first","10":"onbackorder","11":"featured","12":"shipping-taxable","13":"purchasable","14":"product-type-simple"},"yoast_head":"<!-- This site is optimized with the Yoast SEO plugin v26.9 - https:\/\/yoast.com\/product\/yoast-seo-wordpress\/ -->\n<title>Valses y Milongas (10% Off por transferencia) - Yazmina Raies<\/title>\n<meta name=\"robots\" content=\"index, follow, max-snippet:-1, max-image-preview:large, max-video-preview:-1\" \/>\n<link rel=\"canonical\" href=\"https:\/\/www.yazminaraies.com\/en\/product\/valses-y-milongas\/\" \/>\n<meta property=\"og:locale\" content=\"en_US\" \/>\n<meta property=\"og:type\" content=\"article\" \/>\n<meta property=\"og:title\" content=\"Valses y Milongas (10% Off por transferencia) - Yazmina Raies\" \/>\n<meta property=\"og:description\" content=\"IMPORTANTE: Los pedidos realizados desde hoy 13 de enero de 2026 seran despachados o coordinados a partir del mes de FEBRERO. Disponibles hasta agotar stock.\u00a0 Sino hay stock igualmente podes reservar con entrega de 3 semanas a un mes desde su reserva. Todos los libros tienen un 10% de descuento si elegis \u00abTransferencia Bancaria Directa\u00bb [&hellip;]\" \/>\n<meta property=\"og:url\" content=\"https:\/\/www.yazminaraies.com\/en\/product\/valses-y-milongas\/\" \/>\n<meta property=\"og:site_name\" content=\"Yazmina Raies\" \/>\n<meta property=\"article:modified_time\" content=\"2026-04-16T13:45:37+00:00\" \/>\n<meta property=\"og:image\" content=\"https:\/\/www.yazminaraies.com\/wp-content\/uploads\/2023\/12\/Valses-y-Milongas-1.png\" \/>\n\t<meta property=\"og:image:width\" content=\"2000\" \/>\n\t<meta property=\"og:image:height\" content=\"2000\" \/>\n\t<meta property=\"og:image:type\" content=\"image\/png\" \/>\n<meta name=\"twitter:card\" content=\"summary_large_image\" \/>\n<meta name=\"twitter:label1\" content=\"Est. reading time\" \/>\n\t<meta name=\"twitter:data1\" content=\"1 minute\" \/>\n<script type=\"application\/ld+json\" class=\"yoast-schema-graph\">{\"@context\":\"https:\/\/schema.org\",\"@graph\":[{\"@type\":\"WebPage\",\"@id\":\"https:\/\/www.yazminaraies.com\/producto\/valses-y-milongas\/\",\"url\":\"https:\/\/www.yazminaraies.com\/producto\/valses-y-milongas\/\",\"name\":\"Valses y Milongas (10% Off por transferencia) - Yazmina Raies\",\"isPartOf\":{\"@id\":\"https:\/\/www.yazminaraies.com\/#website\"},\"primaryImageOfPage\":{\"@id\":\"https:\/\/www.yazminaraies.com\/producto\/valses-y-milongas\/#primaryimage\"},\"image\":{\"@id\":\"https:\/\/www.yazminaraies.com\/producto\/valses-y-milongas\/#primaryimage\"},\"thumbnailUrl\":\"https:\/\/www.yazminaraies.com\/wp-content\/uploads\/2023\/12\/Valses-y-Milongas-1.png\",\"datePublished\":\"2023-12-19T12:10:08+00:00\",\"dateModified\":\"2026-04-16T13:45:37+00:00\",\"breadcrumb\":{\"@id\":\"https:\/\/www.yazminaraies.com\/producto\/valses-y-milongas\/#breadcrumb\"},\"inLanguage\":\"en-US\",\"potentialAction\":[{\"@type\":\"ReadAction\",\"target\":[\"https:\/\/www.yazminaraies.com\/producto\/valses-y-milongas\/\"]}]},{\"@type\":\"ImageObject\",\"inLanguage\":\"en-US\",\"@id\":\"https:\/\/www.yazminaraies.com\/producto\/valses-y-milongas\/#primaryimage\",\"url\":\"https:\/\/www.yazminaraies.com\/wp-content\/uploads\/2023\/12\/Valses-y-Milongas-1.png\",\"contentUrl\":\"https:\/\/www.yazminaraies.com\/wp-content\/uploads\/2023\/12\/Valses-y-Milongas-1.png\",\"width\":2000,\"height\":2000},{\"@type\":\"BreadcrumbList\",\"@id\":\"https:\/\/www.yazminaraies.com\/producto\/valses-y-milongas\/#breadcrumb\",\"itemListElement\":[{\"@type\":\"ListItem\",\"position\":1,\"name\":\"Inicio\",\"item\":\"https:\/\/www.yazminaraies.com\/\"},{\"@type\":\"ListItem\",\"position\":2,\"name\":\"Shop\",\"item\":\"https:\/\/www.yazminaraies.com\/tienda\/\"},{\"@type\":\"ListItem\",\"position\":3,\"name\":\"Valses y Milongas (10% Off por transferencia)\"}]},{\"@type\":\"WebSite\",\"@id\":\"https:\/\/www.yazminaraies.com\/#website\",\"url\":\"https:\/\/www.yazminaraies.com\/\",\"name\":\"Yazmina Raies\",\"description\":\"\",\"publisher\":{\"@id\":\"https:\/\/www.yazminaraies.com\/#organization\"},\"potentialAction\":[{\"@type\":\"SearchAction\",\"target\":{\"@type\":\"EntryPoint\",\"urlTemplate\":\"https:\/\/www.yazminaraies.com\/?s={search_term_string}\"},\"query-input\":{\"@type\":\"PropertyValueSpecification\",\"valueRequired\":true,\"valueName\":\"search_term_string\"}}],\"inLanguage\":\"en-US\"},{\"@type\":\"Organization\",\"@id\":\"https:\/\/www.yazminaraies.com\/#organization\",\"name\":\"Yazmina Raies\",\"url\":\"https:\/\/www.yazminaraies.com\/\",\"logo\":{\"@type\":\"ImageObject\",\"inLanguage\":\"en-US\",\"@id\":\"https:\/\/www.yazminaraies.com\/#\/schema\/logo\/image\/\",\"url\":\"https:\/\/www.yazminaraies.com\/wp-content\/uploads\/2023\/10\/Yazmina-Raies-LogoFINAL-PNG-1.png\",\"contentUrl\":\"https:\/\/www.yazminaraies.com\/wp-content\/uploads\/2023\/10\/Yazmina-Raies-LogoFINAL-PNG-1.png\",\"width\":5882,\"height\":1789,\"caption\":\"Yazmina Raies\"},\"image\":{\"@id\":\"https:\/\/www.yazminaraies.com\/#\/schema\/logo\/image\/\"}}]}<\/script>\n<!-- \/ Yoast SEO plugin. -->","yoast_head_json":{"title":"Valses y Milongas (10% Off por transferencia) - Yazmina Raies","robots":{"index":"index","follow":"follow","max-snippet":"max-snippet:-1","max-image-preview":"max-image-preview:large","max-video-preview":"max-video-preview:-1"},"canonical":"https:\/\/www.yazminaraies.com\/en\/product\/valses-y-milongas\/","og_locale":"en_US","og_type":"article","og_title":"Valses y Milongas (10% Off por transferencia) - Yazmina Raies","og_description":"IMPORTANTE: Los pedidos realizados desde hoy 13 de enero de 2026 seran despachados o coordinados a partir del mes de FEBRERO. Disponibles hasta agotar stock.\u00a0 Sino hay stock igualmente podes reservar con entrega de 3 semanas a un mes desde su reserva. Todos los libros tienen un 10% de descuento si elegis \u00abTransferencia Bancaria Directa\u00bb [&hellip;]","og_url":"https:\/\/www.yazminaraies.com\/en\/product\/valses-y-milongas\/","og_site_name":"Yazmina Raies","article_modified_time":"2026-04-16T13:45:37+00:00","og_image":[{"width":2000,"height":2000,"url":"https:\/\/www.yazminaraies.com\/wp-content\/uploads\/2023\/12\/Valses-y-Milongas-1.png","type":"image\/png"}],"twitter_card":"summary_large_image","twitter_misc":{"Est. reading time":"1 minute"},"schema":{"@context":"https:\/\/schema.org","@graph":[{"@type":"WebPage","@id":"https:\/\/www.yazminaraies.com\/producto\/valses-y-milongas\/","url":"https:\/\/www.yazminaraies.com\/producto\/valses-y-milongas\/","name":"Valses y Milongas (10% Off por transferencia) - Yazmina Raies","isPartOf":{"@id":"https:\/\/www.yazminaraies.com\/#website"},"primaryImageOfPage":{"@id":"https:\/\/www.yazminaraies.com\/producto\/valses-y-milongas\/#primaryimage"},"image":{"@id":"https:\/\/www.yazminaraies.com\/producto\/valses-y-milongas\/#primaryimage"},"thumbnailUrl":"https:\/\/www.yazminaraies.com\/wp-content\/uploads\/2023\/12\/Valses-y-Milongas-1.png","datePublished":"2023-12-19T12:10:08+00:00","dateModified":"2026-04-16T13:45:37+00:00","breadcrumb":{"@id":"https:\/\/www.yazminaraies.com\/producto\/valses-y-milongas\/#breadcrumb"},"inLanguage":"en-US","potentialAction":[{"@type":"ReadAction","target":["https:\/\/www.yazminaraies.com\/producto\/valses-y-milongas\/"]}]},{"@type":"ImageObject","inLanguage":"en-US","@id":"https:\/\/www.yazminaraies.com\/producto\/valses-y-milongas\/#primaryimage","url":"https:\/\/www.yazminaraies.com\/wp-content\/uploads\/2023\/12\/Valses-y-Milongas-1.png","contentUrl":"https:\/\/www.yazminaraies.com\/wp-content\/uploads\/2023\/12\/Valses-y-Milongas-1.png","width":2000,"height":2000},{"@type":"BreadcrumbList","@id":"https:\/\/www.yazminaraies.com\/producto\/valses-y-milongas\/#breadcrumb","itemListElement":[{"@type":"ListItem","position":1,"name":"Inicio","item":"https:\/\/www.yazminaraies.com\/"},{"@type":"ListItem","position":2,"name":"Shop","item":"https:\/\/www.yazminaraies.com\/tienda\/"},{"@type":"ListItem","position":3,"name":"Valses y Milongas (10% Off por transferencia)"}]},{"@type":"WebSite","@id":"https:\/\/www.yazminaraies.com\/#website","url":"https:\/\/www.yazminaraies.com\/","name":"Yazmina Raies","description":"","publisher":{"@id":"https:\/\/www.yazminaraies.com\/#organization"},"potentialAction":[{"@type":"SearchAction","target":{"@type":"EntryPoint","urlTemplate":"https:\/\/www.yazminaraies.com\/?s={search_term_string}"},"query-input":{"@type":"PropertyValueSpecification","valueRequired":true,"valueName":"search_term_string"}}],"inLanguage":"en-US"},{"@type":"Organization","@id":"https:\/\/www.yazminaraies.com\/#organization","name":"Yazmina Raies","url":"https:\/\/www.yazminaraies.com\/","logo":{"@type":"ImageObject","inLanguage":"en-US","@id":"https:\/\/www.yazminaraies.com\/#\/schema\/logo\/image\/","url":"https:\/\/www.yazminaraies.com\/wp-content\/uploads\/2023\/10\/Yazmina-Raies-LogoFINAL-PNG-1.png","contentUrl":"https:\/\/www.yazminaraies.com\/wp-content\/uploads\/2023\/10\/Yazmina-Raies-LogoFINAL-PNG-1.png","width":5882,"height":1789,"caption":"Yazmina Raies"},"image":{"@id":"https:\/\/www.yazminaraies.com\/#\/schema\/logo\/image\/"}}]}},"_links":{"self":[{"href":"https:\/\/www.yazminaraies.com\/en\/wp-json\/wp\/v2\/product\/1736","targetHints":{"allow":["GET"]}}],"collection":[{"href":"https:\/\/www.yazminaraies.com\/en\/wp-json\/wp\/v2\/product"}],"about":[{"href":"https:\/\/www.yazminaraies.com\/en\/wp-json\/wp\/v2\/types\/product"}],"replies":[{"embeddable":true,"href":"https:\/\/www.yazminaraies.com\/en\/wp-json\/wp\/v2\/comments?post=1736"}],"wp:featuredmedia":[{"embeddable":true,"href":"https:\/\/www.yazminaraies.com\/en\/wp-json\/wp\/v2\/media\/2076"}],"wp:attachment":[{"href":"https:\/\/www.yazminaraies.com\/en\/wp-json\/wp\/v2\/media?parent=1736"}],"wp:term":[{"taxonomy":"product_brand","embeddable":true,"href":"https:\/\/www.yazminaraies.com\/en\/wp-json\/wp\/v2\/product_brand?post=1736"},{"taxonomy":"product_cat","embeddable":true,"href":"https:\/\/www.yazminaraies.com\/en\/wp-json\/wp\/v2\/product_cat?post=1736"},{"taxonomy":"product_tag","embeddable":true,"href":"https:\/\/www.yazminaraies.com\/en\/wp-json\/wp\/v2\/product_tag?post=1736"}],"curies":[{"name":"wp","href":"https:\/\/api.w.org\/{rel}","templated":true}]}}