{"id":2497,"date":"2024-08-11T20:32:17","date_gmt":"2024-08-11T23:32:17","guid":{"rendered":"https:\/\/www.yazminaraies.com\/?post_type=product&#038;p=2497"},"modified":"2026-03-08T00:04:04","modified_gmt":"2026-03-08T03:04:04","slug":"piano-tango-principiantes-vol-2-preventa-35-off","status":"publish","type":"product","link":"https:\/\/www.yazminaraies.com\/en\/product\/piano-tango-principiantes-vol-2-preventa-35-off\/","title":{"rendered":"Piano Tango Principiantes Vol. 2"},"content":{"rendered":"<p><strong>IMPORTANTE: Los pedidos realizados desde hoy 13 de enero de 2026 seran despachados o coordinados a partir del mes de FEBRERO.<\/strong><\/p>\n<p><strong>Disponibles hasta agotar stock.\u00a0 Sino hay stock igualmente podes reservar con entrega de 3 semanas a un mes desde su reserva.<\/strong><\/p>\n<p><strong>Todos los libros tienen un 10% de descuento si elegis \u00abTransferencia Bancaria Directa\u00bb o 3 cuotas sin inter\u00e9s.<\/strong><\/p>\n<p><strong><em>\u00a1Lleg\u00f3 el libro Principiantes Vol. 2!<\/em><\/strong><\/p>\n<p>Aqu\u00ed te dejo la lista de los temas de este nuevo repertorio:<\/p>\n<ul>\n<li><em><strong>Malena<\/strong><\/em><\/li>\n<li><em><strong>Los Mareados<\/strong><\/em><\/li>\n<li><em><strong>Mano a mano<\/strong><\/em><\/li>\n<li><em><strong>Cambalache<\/strong><\/em><\/li>\n<li><em><strong>A media luz<\/strong><\/em><\/li>\n<li><em><strong>Don Juan<\/strong><\/em><\/li>\n<li><em><strong>Tinta roja<\/strong><\/em><\/li>\n<\/ul>\n<p>En esta ocasi\u00f3n los temas traen todos el cifrado de acordes y adem\u00e1s al final encontrar\u00e1s una secci\u00f3n de Notas con hojas pentagramadas para que hagas tus anotaciones.<\/p>\n<p>Espero lo disfrutes mucho.<\/p>","protected":false},"excerpt":{"rendered":"<p>IMPORTANTE: Los pedidos realizados desde hoy 13 de enero de 2026 seran despachados o coordinados a partir del mes de FEBRERO. Disponibles hasta agotar stock.\u00a0 Sino hay stock igualmente podes reservar con entrega de 3 semanas a un mes desde su reserva. Todos los libros tienen un 10% de descuento si elegis \u00abTransferencia Bancaria Directa\u00bb [&hellip;]<\/p>\n","protected":false},"featured_media":2498,"comment_status":"open","ping_status":"closed","template":"","meta":[],"product_brand":[],"product_cat":[21],"product_tag":[],"class_list":{"0":"post-2497","1":"product","2":"type-product","3":"status-publish","4":"has-post-thumbnail","6":"product_cat-libros","8":"first","9":"onbackorder","10":"shipping-taxable","11":"purchasable","12":"product-type-simple"},"yoast_head":"<!-- This site is optimized with the Yoast SEO plugin v26.9 - https:\/\/yoast.com\/product\/yoast-seo-wordpress\/ -->\n<title>Piano Tango Principiantes Vol. 2 - Yazmina Raies<\/title>\n<meta name=\"robots\" content=\"index, follow, max-snippet:-1, max-image-preview:large, max-video-preview:-1\" \/>\n<link rel=\"canonical\" href=\"https:\/\/www.yazminaraies.com\/en\/product\/piano-tango-principiantes-vol-2-preventa-35-off\/\" \/>\n<meta property=\"og:locale\" content=\"en_US\" \/>\n<meta property=\"og:type\" content=\"article\" \/>\n<meta property=\"og:title\" content=\"Piano Tango Principiantes Vol. 2 - Yazmina Raies\" \/>\n<meta property=\"og:description\" content=\"IMPORTANTE: Los pedidos realizados desde hoy 13 de enero de 2026 seran despachados o coordinados a partir del mes de FEBRERO. Disponibles hasta agotar stock.\u00a0 Sino hay stock igualmente podes reservar con entrega de 3 semanas a un mes desde su reserva. Todos los libros tienen un 10% de descuento si elegis \u00abTransferencia Bancaria Directa\u00bb [&hellip;]\" \/>\n<meta property=\"og:url\" content=\"https:\/\/www.yazminaraies.com\/en\/product\/piano-tango-principiantes-vol-2-preventa-35-off\/\" \/>\n<meta property=\"og:site_name\" content=\"Yazmina Raies\" \/>\n<meta property=\"article:modified_time\" content=\"2026-03-08T03:04:04+00:00\" \/>\n<meta property=\"og:image\" content=\"https:\/\/www.yazminaraies.com\/wp-content\/uploads\/2024\/08\/Piano-Principiantes-Vol-2.png\" \/>\n\t<meta property=\"og:image:width\" content=\"2000\" \/>\n\t<meta property=\"og:image:height\" content=\"2000\" \/>\n\t<meta property=\"og:image:type\" content=\"image\/png\" \/>\n<meta name=\"twitter:card\" content=\"summary_large_image\" \/>\n<meta name=\"twitter:label1\" content=\"Est. reading time\" \/>\n\t<meta name=\"twitter:data1\" content=\"1 minute\" \/>\n<script type=\"application\/ld+json\" class=\"yoast-schema-graph\">{\"@context\":\"https:\/\/schema.org\",\"@graph\":[{\"@type\":\"WebPage\",\"@id\":\"https:\/\/www.yazminaraies.com\/producto\/piano-tango-principiantes-vol-2-preventa-35-off\/\",\"url\":\"https:\/\/www.yazminaraies.com\/producto\/piano-tango-principiantes-vol-2-preventa-35-off\/\",\"name\":\"Piano Tango Principiantes Vol. 2 - Yazmina Raies\",\"isPartOf\":{\"@id\":\"https:\/\/www.yazminaraies.com\/#website\"},\"primaryImageOfPage\":{\"@id\":\"https:\/\/www.yazminaraies.com\/producto\/piano-tango-principiantes-vol-2-preventa-35-off\/#primaryimage\"},\"image\":{\"@id\":\"https:\/\/www.yazminaraies.com\/producto\/piano-tango-principiantes-vol-2-preventa-35-off\/#primaryimage\"},\"thumbnailUrl\":\"https:\/\/www.yazminaraies.com\/wp-content\/uploads\/2024\/08\/Piano-Principiantes-Vol-2.png\",\"datePublished\":\"2024-08-11T23:32:17+00:00\",\"dateModified\":\"2026-03-08T03:04:04+00:00\",\"breadcrumb\":{\"@id\":\"https:\/\/www.yazminaraies.com\/producto\/piano-tango-principiantes-vol-2-preventa-35-off\/#breadcrumb\"},\"inLanguage\":\"en-US\",\"potentialAction\":[{\"@type\":\"ReadAction\",\"target\":[\"https:\/\/www.yazminaraies.com\/producto\/piano-tango-principiantes-vol-2-preventa-35-off\/\"]}]},{\"@type\":\"ImageObject\",\"inLanguage\":\"en-US\",\"@id\":\"https:\/\/www.yazminaraies.com\/producto\/piano-tango-principiantes-vol-2-preventa-35-off\/#primaryimage\",\"url\":\"https:\/\/www.yazminaraies.com\/wp-content\/uploads\/2024\/08\/Piano-Principiantes-Vol-2.png\",\"contentUrl\":\"https:\/\/www.yazminaraies.com\/wp-content\/uploads\/2024\/08\/Piano-Principiantes-Vol-2.png\",\"width\":2000,\"height\":2000},{\"@type\":\"BreadcrumbList\",\"@id\":\"https:\/\/www.yazminaraies.com\/producto\/piano-tango-principiantes-vol-2-preventa-35-off\/#breadcrumb\",\"itemListElement\":[{\"@type\":\"ListItem\",\"position\":1,\"name\":\"Inicio\",\"item\":\"https:\/\/www.yazminaraies.com\/\"},{\"@type\":\"ListItem\",\"position\":2,\"name\":\"Shop\",\"item\":\"https:\/\/www.yazminaraies.com\/tienda\/\"},{\"@type\":\"ListItem\",\"position\":3,\"name\":\"Piano Tango Principiantes Vol. 2\"}]},{\"@type\":\"WebSite\",\"@id\":\"https:\/\/www.yazminaraies.com\/#website\",\"url\":\"https:\/\/www.yazminaraies.com\/\",\"name\":\"Yazmina Raies\",\"description\":\"\",\"publisher\":{\"@id\":\"https:\/\/www.yazminaraies.com\/#organization\"},\"potentialAction\":[{\"@type\":\"SearchAction\",\"target\":{\"@type\":\"EntryPoint\",\"urlTemplate\":\"https:\/\/www.yazminaraies.com\/?s={search_term_string}\"},\"query-input\":{\"@type\":\"PropertyValueSpecification\",\"valueRequired\":true,\"valueName\":\"search_term_string\"}}],\"inLanguage\":\"en-US\"},{\"@type\":\"Organization\",\"@id\":\"https:\/\/www.yazminaraies.com\/#organization\",\"name\":\"Yazmina Raies\",\"url\":\"https:\/\/www.yazminaraies.com\/\",\"logo\":{\"@type\":\"ImageObject\",\"inLanguage\":\"en-US\",\"@id\":\"https:\/\/www.yazminaraies.com\/#\/schema\/logo\/image\/\",\"url\":\"https:\/\/www.yazminaraies.com\/wp-content\/uploads\/2023\/10\/Yazmina-Raies-LogoFINAL-PNG-1.png\",\"contentUrl\":\"https:\/\/www.yazminaraies.com\/wp-content\/uploads\/2023\/10\/Yazmina-Raies-LogoFINAL-PNG-1.png\",\"width\":5882,\"height\":1789,\"caption\":\"Yazmina Raies\"},\"image\":{\"@id\":\"https:\/\/www.yazminaraies.com\/#\/schema\/logo\/image\/\"}}]}<\/script>\n<!-- \/ Yoast SEO plugin. -->","yoast_head_json":{"title":"Piano Tango Principiantes Vol. 2 - Yazmina Raies","robots":{"index":"index","follow":"follow","max-snippet":"max-snippet:-1","max-image-preview":"max-image-preview:large","max-video-preview":"max-video-preview:-1"},"canonical":"https:\/\/www.yazminaraies.com\/en\/product\/piano-tango-principiantes-vol-2-preventa-35-off\/","og_locale":"en_US","og_type":"article","og_title":"Piano Tango Principiantes Vol. 2 - Yazmina Raies","og_description":"IMPORTANTE: Los pedidos realizados desde hoy 13 de enero de 2026 seran despachados o coordinados a partir del mes de FEBRERO. Disponibles hasta agotar stock.\u00a0 Sino hay stock igualmente podes reservar con entrega de 3 semanas a un mes desde su reserva. Todos los libros tienen un 10% de descuento si elegis \u00abTransferencia Bancaria Directa\u00bb [&hellip;]","og_url":"https:\/\/www.yazminaraies.com\/en\/product\/piano-tango-principiantes-vol-2-preventa-35-off\/","og_site_name":"Yazmina Raies","article_modified_time":"2026-03-08T03:04:04+00:00","og_image":[{"width":2000,"height":2000,"url":"https:\/\/www.yazminaraies.com\/wp-content\/uploads\/2024\/08\/Piano-Principiantes-Vol-2.png","type":"image\/png"}],"twitter_card":"summary_large_image","twitter_misc":{"Est. reading time":"1 minute"},"schema":{"@context":"https:\/\/schema.org","@graph":[{"@type":"WebPage","@id":"https:\/\/www.yazminaraies.com\/producto\/piano-tango-principiantes-vol-2-preventa-35-off\/","url":"https:\/\/www.yazminaraies.com\/producto\/piano-tango-principiantes-vol-2-preventa-35-off\/","name":"Piano Tango Principiantes Vol. 2 - Yazmina Raies","isPartOf":{"@id":"https:\/\/www.yazminaraies.com\/#website"},"primaryImageOfPage":{"@id":"https:\/\/www.yazminaraies.com\/producto\/piano-tango-principiantes-vol-2-preventa-35-off\/#primaryimage"},"image":{"@id":"https:\/\/www.yazminaraies.com\/producto\/piano-tango-principiantes-vol-2-preventa-35-off\/#primaryimage"},"thumbnailUrl":"https:\/\/www.yazminaraies.com\/wp-content\/uploads\/2024\/08\/Piano-Principiantes-Vol-2.png","datePublished":"2024-08-11T23:32:17+00:00","dateModified":"2026-03-08T03:04:04+00:00","breadcrumb":{"@id":"https:\/\/www.yazminaraies.com\/producto\/piano-tango-principiantes-vol-2-preventa-35-off\/#breadcrumb"},"inLanguage":"en-US","potentialAction":[{"@type":"ReadAction","target":["https:\/\/www.yazminaraies.com\/producto\/piano-tango-principiantes-vol-2-preventa-35-off\/"]}]},{"@type":"ImageObject","inLanguage":"en-US","@id":"https:\/\/www.yazminaraies.com\/producto\/piano-tango-principiantes-vol-2-preventa-35-off\/#primaryimage","url":"https:\/\/www.yazminaraies.com\/wp-content\/uploads\/2024\/08\/Piano-Principiantes-Vol-2.png","contentUrl":"https:\/\/www.yazminaraies.com\/wp-content\/uploads\/2024\/08\/Piano-Principiantes-Vol-2.png","width":2000,"height":2000},{"@type":"BreadcrumbList","@id":"https:\/\/www.yazminaraies.com\/producto\/piano-tango-principiantes-vol-2-preventa-35-off\/#breadcrumb","itemListElement":[{"@type":"ListItem","position":1,"name":"Inicio","item":"https:\/\/www.yazminaraies.com\/"},{"@type":"ListItem","position":2,"name":"Shop","item":"https:\/\/www.yazminaraies.com\/tienda\/"},{"@type":"ListItem","position":3,"name":"Piano Tango Principiantes Vol. 2"}]},{"@type":"WebSite","@id":"https:\/\/www.yazminaraies.com\/#website","url":"https:\/\/www.yazminaraies.com\/","name":"Yazmina Raies","description":"","publisher":{"@id":"https:\/\/www.yazminaraies.com\/#organization"},"potentialAction":[{"@type":"SearchAction","target":{"@type":"EntryPoint","urlTemplate":"https:\/\/www.yazminaraies.com\/?s={search_term_string}"},"query-input":{"@type":"PropertyValueSpecification","valueRequired":true,"valueName":"search_term_string"}}],"inLanguage":"en-US"},{"@type":"Organization","@id":"https:\/\/www.yazminaraies.com\/#organization","name":"Yazmina Raies","url":"https:\/\/www.yazminaraies.com\/","logo":{"@type":"ImageObject","inLanguage":"en-US","@id":"https:\/\/www.yazminaraies.com\/#\/schema\/logo\/image\/","url":"https:\/\/www.yazminaraies.com\/wp-content\/uploads\/2023\/10\/Yazmina-Raies-LogoFINAL-PNG-1.png","contentUrl":"https:\/\/www.yazminaraies.com\/wp-content\/uploads\/2023\/10\/Yazmina-Raies-LogoFINAL-PNG-1.png","width":5882,"height":1789,"caption":"Yazmina Raies"},"image":{"@id":"https:\/\/www.yazminaraies.com\/#\/schema\/logo\/image\/"}}]}},"_links":{"self":[{"href":"https:\/\/www.yazminaraies.com\/en\/wp-json\/wp\/v2\/product\/2497","targetHints":{"allow":["GET"]}}],"collection":[{"href":"https:\/\/www.yazminaraies.com\/en\/wp-json\/wp\/v2\/product"}],"about":[{"href":"https:\/\/www.yazminaraies.com\/en\/wp-json\/wp\/v2\/types\/product"}],"replies":[{"embeddable":true,"href":"https:\/\/www.yazminaraies.com\/en\/wp-json\/wp\/v2\/comments?post=2497"}],"wp:featuredmedia":[{"embeddable":true,"href":"https:\/\/www.yazminaraies.com\/en\/wp-json\/wp\/v2\/media\/2498"}],"wp:attachment":[{"href":"https:\/\/www.yazminaraies.com\/en\/wp-json\/wp\/v2\/media?parent=2497"}],"wp:term":[{"taxonomy":"product_brand","embeddable":true,"href":"https:\/\/www.yazminaraies.com\/en\/wp-json\/wp\/v2\/product_brand?post=2497"},{"taxonomy":"product_cat","embeddable":true,"href":"https:\/\/www.yazminaraies.com\/en\/wp-json\/wp\/v2\/product_cat?post=2497"},{"taxonomy":"product_tag","embeddable":true,"href":"https:\/\/www.yazminaraies.com\/en\/wp-json\/wp\/v2\/product_tag?post=2497"}],"curies":[{"name":"wp","href":"https:\/\/api.w.org\/{rel}","templated":true}]}}