{"id":2994,"date":"2026-02-13T02:03:00","date_gmt":"2026-02-13T05:03:00","guid":{"rendered":"https:\/\/www.yazminaraies.com\/?post_type=product&#038;p=2994"},"modified":"2026-02-16T21:00:22","modified_gmt":"2026-02-17T00:00:22","slug":"la-guia-del-pianista-de-tango-ebook-pdf","status":"publish","type":"product","link":"https:\/\/www.yazminaraies.com\/en\/product\/la-guia-del-pianista-de-tango-ebook-pdf\/","title":{"rendered":"La Gu\u00eda del Pianista de Tango &#8211; (Ebook &#8211; PDF)"},"content":{"rendered":"<p data-start=\"920\" data-end=\"971\"><strong data-start=\"920\" data-end=\"971\">Formato PDF \u2013 Descarga inmediata luego del pago<\/strong><\/p>\n<p data-start=\"973\" data-end=\"1192\">Una gu\u00eda pr\u00e1ctica para pianistas que quieren dar sus primeros pasos en el tango.<br data-start=\"1053\" data-end=\"1056\" \/>Incluye:<br \/>\n\u2022 Playlist y recomendaciones de escucha<br data-start=\"1104\" data-end=\"1107\" \/>\u2022 Conceptos esenciales del estilo<br data-start=\"1140\" data-end=\"1143\" \/>\u2022 Recursos para comenzar<br data-start=\"1167\" data-end=\"1170\" \/>\u2022 Bonus con ejercicios<\/p>\n<p>La Gu\u00eda del pianista de tango est\u00e1 pensada como un acompa\u00f1amiento en el camino de quienes quieran comenzar a adentrarse en lo que significa ser pianista de tango: los distintos roles, por d\u00f3nde empezar a escuchar, conceptos, qu\u00e9 es necesario aprender y d\u00f3nde poner el foco.<br data-start=\"489\" data-end=\"492\" \/>Es la orientaci\u00f3n que a m\u00ed me hubiera gustado tener al comenzar, y que hoy, a partir de mi experiencia, quiero compartirte. Contiene informaci\u00f3n sobre los principales pianistas del g\u00e9nero, sugerencias de escucha, playlists y un bonus con dos estudios tangu\u00edsticos.<\/p>\n<p data-start=\"1473\" data-end=\"1586\">Este material est\u00e1 pensado como una orientaci\u00f3n clara y pr\u00e1ctica para comenzar el camino del pianista de tango.<\/p>\n<p data-start=\"1593\" data-end=\"1631\">Recibir\u00e1s el link de descarga autom\u00e1ticamente en tu email luego del pago.<\/p>\n<p data-start=\"1593\" data-end=\"1631\">(Si no recib\u00eds el correo en unos minutos, revis\u00e1 la carpeta de Spam o escribime y te lo env\u00edo enseguida)<\/p>","protected":false},"excerpt":{"rendered":"<p data-start=\"788\" data-end=\"943\">Una gu\u00eda pr\u00e1ctica para pianistas que quieren dar sus primeros pasos en el tango.<br data-start=\"868\" data-end=\"871\" \/>Incluye playlist, recomendaciones de escucha, recursos y ejercicios.<\/p>\n<p data-start=\"950\" data-end=\"1002\"><strong data-start=\"950\" data-end=\"1002\">Formato PDF \u2013 \ud83d\udc49 Descarga inmediata luego del pago.<\/strong><\/p>","protected":false},"featured_media":2997,"comment_status":"open","ping_status":"closed","template":"","meta":[],"product_brand":[],"product_cat":[28,21],"product_tag":[],"class_list":{"0":"post-2994","1":"product","2":"type-product","3":"status-publish","4":"has-post-thumbnail","6":"product_cat-digital","7":"product_cat-libros","9":"first","10":"instock","11":"downloadable","12":"virtual","13":"purchasable","14":"product-type-simple"},"yoast_head":"<!-- This site is optimized with the Yoast SEO plugin v26.9 - https:\/\/yoast.com\/product\/yoast-seo-wordpress\/ -->\n<title>La Gu\u00eda del Pianista de Tango - (Ebook - PDF) - Yazmina Raies<\/title>\n<meta name=\"description\" content=\"Ebook para pianistas que quieren comenzar en el tango. Gu\u00eda pr\u00e1ctica con recursos, playlist y orientaci\u00f3n para dar los primeros pasos. Descarga inmediata.\" \/>\n<meta name=\"robots\" content=\"index, follow, max-snippet:-1, max-image-preview:large, max-video-preview:-1\" \/>\n<link rel=\"canonical\" href=\"https:\/\/www.yazminaraies.com\/en\/product\/la-guia-del-pianista-de-tango-ebook-pdf\/\" \/>\n<meta property=\"og:locale\" content=\"en_US\" \/>\n<meta property=\"og:type\" content=\"article\" \/>\n<meta property=\"og:title\" content=\"La Gu\u00eda del Pianista de Tango - (Ebook - PDF) - Yazmina Raies\" \/>\n<meta property=\"og:description\" content=\"Ebook para pianistas que quieren comenzar en el tango. Gu\u00eda pr\u00e1ctica con recursos, playlist y orientaci\u00f3n para dar los primeros pasos. Descarga inmediata.\" \/>\n<meta property=\"og:url\" content=\"https:\/\/www.yazminaraies.com\/en\/product\/la-guia-del-pianista-de-tango-ebook-pdf\/\" \/>\n<meta property=\"og:site_name\" content=\"Yazmina Raies\" \/>\n<meta property=\"article:modified_time\" content=\"2026-02-17T00:00:22+00:00\" \/>\n<meta property=\"og:image\" content=\"https:\/\/www.yazminaraies.com\/wp-content\/uploads\/2026\/02\/Diseno-sin-titulo-2-1024x1024.png\" \/>\n\t<meta property=\"og:image:width\" content=\"1024\" \/>\n\t<meta property=\"og:image:height\" content=\"1024\" \/>\n\t<meta property=\"og:image:type\" content=\"image\/png\" \/>\n<meta name=\"twitter:card\" content=\"summary_large_image\" \/>\n<meta name=\"twitter:label1\" content=\"Est. reading time\" \/>\n\t<meta name=\"twitter:data1\" content=\"2 minutes\" \/>\n<script type=\"application\/ld+json\" class=\"yoast-schema-graph\">{\"@context\":\"https:\/\/schema.org\",\"@graph\":[{\"@type\":\"WebPage\",\"@id\":\"https:\/\/www.yazminaraies.com\/producto\/la-guia-del-pianista-de-tango-ebook-pdf\/\",\"url\":\"https:\/\/www.yazminaraies.com\/producto\/la-guia-del-pianista-de-tango-ebook-pdf\/\",\"name\":\"La Gu\u00eda del Pianista de Tango - (Ebook - PDF) - Yazmina Raies\",\"isPartOf\":{\"@id\":\"https:\/\/www.yazminaraies.com\/#website\"},\"primaryImageOfPage\":{\"@id\":\"https:\/\/www.yazminaraies.com\/producto\/la-guia-del-pianista-de-tango-ebook-pdf\/#primaryimage\"},\"image\":{\"@id\":\"https:\/\/www.yazminaraies.com\/producto\/la-guia-del-pianista-de-tango-ebook-pdf\/#primaryimage\"},\"thumbnailUrl\":\"https:\/\/www.yazminaraies.com\/wp-content\/uploads\/2026\/02\/Diseno-sin-titulo-2.png\",\"datePublished\":\"2026-02-13T05:03:00+00:00\",\"dateModified\":\"2026-02-17T00:00:22+00:00\",\"description\":\"Ebook para pianistas que quieren comenzar en el tango. Gu\u00eda pr\u00e1ctica con recursos, playlist y orientaci\u00f3n para dar los primeros pasos. Descarga inmediata.\",\"breadcrumb\":{\"@id\":\"https:\/\/www.yazminaraies.com\/producto\/la-guia-del-pianista-de-tango-ebook-pdf\/#breadcrumb\"},\"inLanguage\":\"en-US\",\"potentialAction\":[{\"@type\":\"ReadAction\",\"target\":[\"https:\/\/www.yazminaraies.com\/producto\/la-guia-del-pianista-de-tango-ebook-pdf\/\"]}]},{\"@type\":\"ImageObject\",\"inLanguage\":\"en-US\",\"@id\":\"https:\/\/www.yazminaraies.com\/producto\/la-guia-del-pianista-de-tango-ebook-pdf\/#primaryimage\",\"url\":\"https:\/\/www.yazminaraies.com\/wp-content\/uploads\/2026\/02\/Diseno-sin-titulo-2.png\",\"contentUrl\":\"https:\/\/www.yazminaraies.com\/wp-content\/uploads\/2026\/02\/Diseno-sin-titulo-2.png\",\"width\":2000,\"height\":2000},{\"@type\":\"BreadcrumbList\",\"@id\":\"https:\/\/www.yazminaraies.com\/producto\/la-guia-del-pianista-de-tango-ebook-pdf\/#breadcrumb\",\"itemListElement\":[{\"@type\":\"ListItem\",\"position\":1,\"name\":\"Inicio\",\"item\":\"https:\/\/www.yazminaraies.com\/\"},{\"@type\":\"ListItem\",\"position\":2,\"name\":\"Shop\",\"item\":\"https:\/\/www.yazminaraies.com\/tienda\/\"},{\"@type\":\"ListItem\",\"position\":3,\"name\":\"La Gu\u00eda del Pianista de Tango &#8211; (Ebook &#8211; PDF)\"}]},{\"@type\":\"WebSite\",\"@id\":\"https:\/\/www.yazminaraies.com\/#website\",\"url\":\"https:\/\/www.yazminaraies.com\/\",\"name\":\"Yazmina Raies\",\"description\":\"\",\"publisher\":{\"@id\":\"https:\/\/www.yazminaraies.com\/#organization\"},\"potentialAction\":[{\"@type\":\"SearchAction\",\"target\":{\"@type\":\"EntryPoint\",\"urlTemplate\":\"https:\/\/www.yazminaraies.com\/?s={search_term_string}\"},\"query-input\":{\"@type\":\"PropertyValueSpecification\",\"valueRequired\":true,\"valueName\":\"search_term_string\"}}],\"inLanguage\":\"en-US\"},{\"@type\":\"Organization\",\"@id\":\"https:\/\/www.yazminaraies.com\/#organization\",\"name\":\"Yazmina Raies\",\"url\":\"https:\/\/www.yazminaraies.com\/\",\"logo\":{\"@type\":\"ImageObject\",\"inLanguage\":\"en-US\",\"@id\":\"https:\/\/www.yazminaraies.com\/#\/schema\/logo\/image\/\",\"url\":\"https:\/\/www.yazminaraies.com\/wp-content\/uploads\/2023\/10\/Yazmina-Raies-LogoFINAL-PNG-1.png\",\"contentUrl\":\"https:\/\/www.yazminaraies.com\/wp-content\/uploads\/2023\/10\/Yazmina-Raies-LogoFINAL-PNG-1.png\",\"width\":5882,\"height\":1789,\"caption\":\"Yazmina Raies\"},\"image\":{\"@id\":\"https:\/\/www.yazminaraies.com\/#\/schema\/logo\/image\/\"}}]}<\/script>\n<!-- \/ Yoast SEO plugin. -->","yoast_head_json":{"title":"La Gu\u00eda del Pianista de Tango - (Ebook - PDF) - Yazmina Raies","description":"Ebook para pianistas que quieren comenzar en el tango. Gu\u00eda pr\u00e1ctica con recursos, playlist y orientaci\u00f3n para dar los primeros pasos. Descarga inmediata.","robots":{"index":"index","follow":"follow","max-snippet":"max-snippet:-1","max-image-preview":"max-image-preview:large","max-video-preview":"max-video-preview:-1"},"canonical":"https:\/\/www.yazminaraies.com\/en\/product\/la-guia-del-pianista-de-tango-ebook-pdf\/","og_locale":"en_US","og_type":"article","og_title":"La Gu\u00eda del Pianista de Tango - (Ebook - PDF) - Yazmina Raies","og_description":"Ebook para pianistas que quieren comenzar en el tango. Gu\u00eda pr\u00e1ctica con recursos, playlist y orientaci\u00f3n para dar los primeros pasos. Descarga inmediata.","og_url":"https:\/\/www.yazminaraies.com\/en\/product\/la-guia-del-pianista-de-tango-ebook-pdf\/","og_site_name":"Yazmina Raies","article_modified_time":"2026-02-17T00:00:22+00:00","og_image":[{"width":1024,"height":1024,"url":"https:\/\/www.yazminaraies.com\/wp-content\/uploads\/2026\/02\/Diseno-sin-titulo-2-1024x1024.png","type":"image\/png"}],"twitter_card":"summary_large_image","twitter_misc":{"Est. reading time":"2 minutes"},"schema":{"@context":"https:\/\/schema.org","@graph":[{"@type":"WebPage","@id":"https:\/\/www.yazminaraies.com\/producto\/la-guia-del-pianista-de-tango-ebook-pdf\/","url":"https:\/\/www.yazminaraies.com\/producto\/la-guia-del-pianista-de-tango-ebook-pdf\/","name":"La Gu\u00eda del Pianista de Tango - (Ebook - PDF) - Yazmina Raies","isPartOf":{"@id":"https:\/\/www.yazminaraies.com\/#website"},"primaryImageOfPage":{"@id":"https:\/\/www.yazminaraies.com\/producto\/la-guia-del-pianista-de-tango-ebook-pdf\/#primaryimage"},"image":{"@id":"https:\/\/www.yazminaraies.com\/producto\/la-guia-del-pianista-de-tango-ebook-pdf\/#primaryimage"},"thumbnailUrl":"https:\/\/www.yazminaraies.com\/wp-content\/uploads\/2026\/02\/Diseno-sin-titulo-2.png","datePublished":"2026-02-13T05:03:00+00:00","dateModified":"2026-02-17T00:00:22+00:00","description":"Ebook para pianistas que quieren comenzar en el tango. Gu\u00eda pr\u00e1ctica con recursos, playlist y orientaci\u00f3n para dar los primeros pasos. Descarga inmediata.","breadcrumb":{"@id":"https:\/\/www.yazminaraies.com\/producto\/la-guia-del-pianista-de-tango-ebook-pdf\/#breadcrumb"},"inLanguage":"en-US","potentialAction":[{"@type":"ReadAction","target":["https:\/\/www.yazminaraies.com\/producto\/la-guia-del-pianista-de-tango-ebook-pdf\/"]}]},{"@type":"ImageObject","inLanguage":"en-US","@id":"https:\/\/www.yazminaraies.com\/producto\/la-guia-del-pianista-de-tango-ebook-pdf\/#primaryimage","url":"https:\/\/www.yazminaraies.com\/wp-content\/uploads\/2026\/02\/Diseno-sin-titulo-2.png","contentUrl":"https:\/\/www.yazminaraies.com\/wp-content\/uploads\/2026\/02\/Diseno-sin-titulo-2.png","width":2000,"height":2000},{"@type":"BreadcrumbList","@id":"https:\/\/www.yazminaraies.com\/producto\/la-guia-del-pianista-de-tango-ebook-pdf\/#breadcrumb","itemListElement":[{"@type":"ListItem","position":1,"name":"Inicio","item":"https:\/\/www.yazminaraies.com\/"},{"@type":"ListItem","position":2,"name":"Shop","item":"https:\/\/www.yazminaraies.com\/tienda\/"},{"@type":"ListItem","position":3,"name":"La Gu\u00eda del Pianista de Tango &#8211; (Ebook &#8211; PDF)"}]},{"@type":"WebSite","@id":"https:\/\/www.yazminaraies.com\/#website","url":"https:\/\/www.yazminaraies.com\/","name":"Yazmina Raies","description":"","publisher":{"@id":"https:\/\/www.yazminaraies.com\/#organization"},"potentialAction":[{"@type":"SearchAction","target":{"@type":"EntryPoint","urlTemplate":"https:\/\/www.yazminaraies.com\/?s={search_term_string}"},"query-input":{"@type":"PropertyValueSpecification","valueRequired":true,"valueName":"search_term_string"}}],"inLanguage":"en-US"},{"@type":"Organization","@id":"https:\/\/www.yazminaraies.com\/#organization","name":"Yazmina Raies","url":"https:\/\/www.yazminaraies.com\/","logo":{"@type":"ImageObject","inLanguage":"en-US","@id":"https:\/\/www.yazminaraies.com\/#\/schema\/logo\/image\/","url":"https:\/\/www.yazminaraies.com\/wp-content\/uploads\/2023\/10\/Yazmina-Raies-LogoFINAL-PNG-1.png","contentUrl":"https:\/\/www.yazminaraies.com\/wp-content\/uploads\/2023\/10\/Yazmina-Raies-LogoFINAL-PNG-1.png","width":5882,"height":1789,"caption":"Yazmina Raies"},"image":{"@id":"https:\/\/www.yazminaraies.com\/#\/schema\/logo\/image\/"}}]}},"_links":{"self":[{"href":"https:\/\/www.yazminaraies.com\/en\/wp-json\/wp\/v2\/product\/2994","targetHints":{"allow":["GET"]}}],"collection":[{"href":"https:\/\/www.yazminaraies.com\/en\/wp-json\/wp\/v2\/product"}],"about":[{"href":"https:\/\/www.yazminaraies.com\/en\/wp-json\/wp\/v2\/types\/product"}],"replies":[{"embeddable":true,"href":"https:\/\/www.yazminaraies.com\/en\/wp-json\/wp\/v2\/comments?post=2994"}],"wp:featuredmedia":[{"embeddable":true,"href":"https:\/\/www.yazminaraies.com\/en\/wp-json\/wp\/v2\/media\/2997"}],"wp:attachment":[{"href":"https:\/\/www.yazminaraies.com\/en\/wp-json\/wp\/v2\/media?parent=2994"}],"wp:term":[{"taxonomy":"product_brand","embeddable":true,"href":"https:\/\/www.yazminaraies.com\/en\/wp-json\/wp\/v2\/product_brand?post=2994"},{"taxonomy":"product_cat","embeddable":true,"href":"https:\/\/www.yazminaraies.com\/en\/wp-json\/wp\/v2\/product_cat?post=2994"},{"taxonomy":"product_tag","embeddable":true,"href":"https:\/\/www.yazminaraies.com\/en\/wp-json\/wp\/v2\/product_tag?post=2994"}],"curies":[{"name":"wp","href":"https:\/\/api.w.org\/{rel}","templated":true}]}}