{"id":614,"date":"2023-12-18T10:12:24","date_gmt":"2023-12-18T13:12:24","guid":{"rendered":"https:\/\/www.yazminaraies.com\/?post_type=product&#038;p=614"},"modified":"2026-04-16T10:45:37","modified_gmt":"2026-04-16T13:45:37","slug":"piano-tango-principiantes","status":"publish","type":"product","link":"https:\/\/www.yazminaraies.com\/en\/product\/piano-tango-principiantes\/","title":{"rendered":"Piano Tango para Principiantes (10% Off por Transferencia)"},"content":{"rendered":"<p><strong>IMPORTANTE: Los pedidos realizados desde hoy 13 de enero de 2026 seran despachados o coordinados a partir del mes de FEBRERO.<\/strong><\/p>\n<p><strong>Disponibles hasta agotar stock.\u00a0 Sino hay stock igualmente podes reservar con entrega de 3 semanas a un mes desde su reserva.<\/strong><\/p>\n<p><strong>Todos los libros tienen un 10% de descuento si elegis \u00abTransferencia Bancaria Directa\u00bb o 3 cuotas sin inter\u00e9s.<\/strong><\/p>\n<p>\u00a1No te quedes con las ganas de tocar tango! este libro es para todo el mundo, ya sea que toques piano hace no mucho tiempo o hayas tocado en tu infancia y te queres reencontrar con el piano con nuevo repertorio de nuestra m\u00fasica popular. Este es el libro justo para vos. Tambi\u00e9n si sos docente de piano y quer\u00e9s ofrecerle a tus alumnos repertorio nuevo, divertido y de m\u00fasica argentina.<\/p>\n<p>Al comienzo de cada tema puse explicaciones\u00a0 sobre c\u00f3mo interpretar determinadas cuestiones que hacen al g\u00e9nero (ritmos, articulaciones y fraseos), o sea, lo que hace que el tango \u00absuene a tango\u00bb.<\/p>\n<p>Mi inspiraci\u00f3n surgi\u00f3 al observar la dificultad que muchos estudiantes de m\u00fasica tienen para encontrar arreglos de tangos adecuados para su nivel o tiempo de estudio. Comenc\u00e9 investigando\u00a0 y seleccionando cuidadosamente un repertorio con arreglos de tangos que fueran sencillos pero hermosos y a su vez conocidos para que cada pianista pueda disfrutar desde el principio. Fue un hermoso desaf\u00edo creativo el hacer arreglos sencillos y que sean tangueros.<\/p>\n<p>Te dejo el \u00edndice para que veas su contenido y una playlist para que los escuches! te deseo que los disfrutes mucho!<\/p>\n<hr \/>\n<p>&nbsp;<\/p>\n<p>1- Como dos extra\u00f1os<\/p>\n<p>2- La cumparsita<\/p>\n<p>3- Caminito<\/p>\n<p>4- Desde el alma<\/p>\n<p>5- Por una cabeza<\/p>\n<p>6- De pura cepa<\/p>\n<p>7- Mi Buenos Aires querido<\/p>\n<p>8- Volver<\/p>\n<p>9- 9 de julio<\/p>\n<p>10- Naranjo en flor<\/p>\n<p>11- Felicia<\/p>\n<p>12- Danzar\u00edn<\/p>\n<p>Escuch\u00e1 los arreglos ac\u00e1:\u00a0<span style=\"color: #ffffff;\"><a style=\"color: #ffffff;\" href=\"https:\/\/www.youtube.com\/playlist?list=PLlxd4dV6Tvxv1QST0rq_OwgOJ_-zj5D0D\" target=\"_blank\" rel=\"noopener\">Arreglos<\/a><\/span><\/p>","protected":false},"excerpt":{"rendered":"<p>IMPORTANTE: Los pedidos realizados desde hoy 13 de enero de 2026 seran despachados o coordinados a partir del mes de FEBRERO. Disponibles hasta agotar stock.\u00a0 Sino hay stock igualmente podes reservar con entrega de 3 semanas a un mes desde su reserva. Todos los libros tienen un 10% de descuento si elegis \u00abTransferencia Bancaria Directa\u00bb [&hellip;]<\/p>\n","protected":false},"featured_media":1152,"comment_status":"open","ping_status":"closed","template":"","meta":[],"product_brand":[],"product_cat":[21],"product_tag":[],"class_list":{"0":"post-614","1":"product","2":"type-product","3":"status-publish","4":"has-post-thumbnail","6":"product_cat-libros","8":"first","9":"onbackorder","10":"shipping-taxable","11":"purchasable","12":"product-type-simple"},"yoast_head":"<!-- This site is optimized with the Yoast SEO plugin v26.9 - https:\/\/yoast.com\/product\/yoast-seo-wordpress\/ -->\n<title>Piano Tango para Principiantes (10% Off por Transferencia) - Yazmina Raies<\/title>\n<meta name=\"robots\" content=\"index, follow, max-snippet:-1, max-image-preview:large, max-video-preview:-1\" \/>\n<link rel=\"canonical\" href=\"https:\/\/www.yazminaraies.com\/en\/product\/piano-tango-principiantes\/\" \/>\n<meta property=\"og:locale\" content=\"en_US\" \/>\n<meta property=\"og:type\" content=\"article\" \/>\n<meta property=\"og:title\" content=\"Piano Tango para Principiantes (10% Off por Transferencia) - Yazmina Raies\" \/>\n<meta property=\"og:description\" content=\"IMPORTANTE: Los pedidos realizados desde hoy 13 de enero de 2026 seran despachados o coordinados a partir del mes de FEBRERO. Disponibles hasta agotar stock.\u00a0 Sino hay stock igualmente podes reservar con entrega de 3 semanas a un mes desde su reserva. Todos los libros tienen un 10% de descuento si elegis \u00abTransferencia Bancaria Directa\u00bb [&hellip;]\" \/>\n<meta property=\"og:url\" content=\"https:\/\/www.yazminaraies.com\/en\/product\/piano-tango-principiantes\/\" \/>\n<meta property=\"og:site_name\" content=\"Yazmina Raies\" \/>\n<meta property=\"article:modified_time\" content=\"2026-04-16T13:45:37+00:00\" \/>\n<meta property=\"og:image\" content=\"https:\/\/www.yazminaraies.com\/wp-content\/uploads\/2023\/10\/Piano-tango-principiantes-1.png\" \/>\n\t<meta property=\"og:image:width\" content=\"600\" \/>\n\t<meta property=\"og:image:height\" content=\"600\" \/>\n\t<meta property=\"og:image:type\" content=\"image\/png\" \/>\n<meta name=\"twitter:card\" content=\"summary_large_image\" \/>\n<meta name=\"twitter:label1\" content=\"Est. reading time\" \/>\n\t<meta name=\"twitter:data1\" content=\"2 minutes\" \/>\n<script type=\"application\/ld+json\" class=\"yoast-schema-graph\">{\"@context\":\"https:\/\/schema.org\",\"@graph\":[{\"@type\":\"WebPage\",\"@id\":\"https:\/\/www.yazminaraies.com\/producto\/piano-tango-principiantes\/\",\"url\":\"https:\/\/www.yazminaraies.com\/producto\/piano-tango-principiantes\/\",\"name\":\"Piano Tango para Principiantes (10% Off por Transferencia) - Yazmina Raies\",\"isPartOf\":{\"@id\":\"https:\/\/www.yazminaraies.com\/#website\"},\"primaryImageOfPage\":{\"@id\":\"https:\/\/www.yazminaraies.com\/producto\/piano-tango-principiantes\/#primaryimage\"},\"image\":{\"@id\":\"https:\/\/www.yazminaraies.com\/producto\/piano-tango-principiantes\/#primaryimage\"},\"thumbnailUrl\":\"https:\/\/www.yazminaraies.com\/wp-content\/uploads\/2023\/10\/Piano-tango-principiantes-1.png\",\"datePublished\":\"2023-12-18T13:12:24+00:00\",\"dateModified\":\"2026-04-16T13:45:37+00:00\",\"breadcrumb\":{\"@id\":\"https:\/\/www.yazminaraies.com\/producto\/piano-tango-principiantes\/#breadcrumb\"},\"inLanguage\":\"en-US\",\"potentialAction\":[{\"@type\":\"ReadAction\",\"target\":[\"https:\/\/www.yazminaraies.com\/producto\/piano-tango-principiantes\/\"]}]},{\"@type\":\"ImageObject\",\"inLanguage\":\"en-US\",\"@id\":\"https:\/\/www.yazminaraies.com\/producto\/piano-tango-principiantes\/#primaryimage\",\"url\":\"https:\/\/www.yazminaraies.com\/wp-content\/uploads\/2023\/10\/Piano-tango-principiantes-1.png\",\"contentUrl\":\"https:\/\/www.yazminaraies.com\/wp-content\/uploads\/2023\/10\/Piano-tango-principiantes-1.png\",\"width\":600,\"height\":600},{\"@type\":\"BreadcrumbList\",\"@id\":\"https:\/\/www.yazminaraies.com\/producto\/piano-tango-principiantes\/#breadcrumb\",\"itemListElement\":[{\"@type\":\"ListItem\",\"position\":1,\"name\":\"Inicio\",\"item\":\"https:\/\/www.yazminaraies.com\/\"},{\"@type\":\"ListItem\",\"position\":2,\"name\":\"Shop\",\"item\":\"https:\/\/www.yazminaraies.com\/tienda\/\"},{\"@type\":\"ListItem\",\"position\":3,\"name\":\"Piano Tango para Principiantes (10% Off por Transferencia)\"}]},{\"@type\":\"WebSite\",\"@id\":\"https:\/\/www.yazminaraies.com\/#website\",\"url\":\"https:\/\/www.yazminaraies.com\/\",\"name\":\"Yazmina Raies\",\"description\":\"\",\"publisher\":{\"@id\":\"https:\/\/www.yazminaraies.com\/#organization\"},\"potentialAction\":[{\"@type\":\"SearchAction\",\"target\":{\"@type\":\"EntryPoint\",\"urlTemplate\":\"https:\/\/www.yazminaraies.com\/?s={search_term_string}\"},\"query-input\":{\"@type\":\"PropertyValueSpecification\",\"valueRequired\":true,\"valueName\":\"search_term_string\"}}],\"inLanguage\":\"en-US\"},{\"@type\":\"Organization\",\"@id\":\"https:\/\/www.yazminaraies.com\/#organization\",\"name\":\"Yazmina Raies\",\"url\":\"https:\/\/www.yazminaraies.com\/\",\"logo\":{\"@type\":\"ImageObject\",\"inLanguage\":\"en-US\",\"@id\":\"https:\/\/www.yazminaraies.com\/#\/schema\/logo\/image\/\",\"url\":\"https:\/\/www.yazminaraies.com\/wp-content\/uploads\/2023\/10\/Yazmina-Raies-LogoFINAL-PNG-1.png\",\"contentUrl\":\"https:\/\/www.yazminaraies.com\/wp-content\/uploads\/2023\/10\/Yazmina-Raies-LogoFINAL-PNG-1.png\",\"width\":5882,\"height\":1789,\"caption\":\"Yazmina Raies\"},\"image\":{\"@id\":\"https:\/\/www.yazminaraies.com\/#\/schema\/logo\/image\/\"}}]}<\/script>\n<!-- \/ Yoast SEO plugin. -->","yoast_head_json":{"title":"Piano Tango para Principiantes (10% Off por Transferencia) - Yazmina Raies","robots":{"index":"index","follow":"follow","max-snippet":"max-snippet:-1","max-image-preview":"max-image-preview:large","max-video-preview":"max-video-preview:-1"},"canonical":"https:\/\/www.yazminaraies.com\/en\/product\/piano-tango-principiantes\/","og_locale":"en_US","og_type":"article","og_title":"Piano Tango para Principiantes (10% Off por Transferencia) - Yazmina Raies","og_description":"IMPORTANTE: Los pedidos realizados desde hoy 13 de enero de 2026 seran despachados o coordinados a partir del mes de FEBRERO. Disponibles hasta agotar stock.\u00a0 Sino hay stock igualmente podes reservar con entrega de 3 semanas a un mes desde su reserva. Todos los libros tienen un 10% de descuento si elegis \u00abTransferencia Bancaria Directa\u00bb [&hellip;]","og_url":"https:\/\/www.yazminaraies.com\/en\/product\/piano-tango-principiantes\/","og_site_name":"Yazmina Raies","article_modified_time":"2026-04-16T13:45:37+00:00","og_image":[{"width":600,"height":600,"url":"https:\/\/www.yazminaraies.com\/wp-content\/uploads\/2023\/10\/Piano-tango-principiantes-1.png","type":"image\/png"}],"twitter_card":"summary_large_image","twitter_misc":{"Est. reading time":"2 minutes"},"schema":{"@context":"https:\/\/schema.org","@graph":[{"@type":"WebPage","@id":"https:\/\/www.yazminaraies.com\/producto\/piano-tango-principiantes\/","url":"https:\/\/www.yazminaraies.com\/producto\/piano-tango-principiantes\/","name":"Piano Tango para Principiantes (10% Off por Transferencia) - Yazmina Raies","isPartOf":{"@id":"https:\/\/www.yazminaraies.com\/#website"},"primaryImageOfPage":{"@id":"https:\/\/www.yazminaraies.com\/producto\/piano-tango-principiantes\/#primaryimage"},"image":{"@id":"https:\/\/www.yazminaraies.com\/producto\/piano-tango-principiantes\/#primaryimage"},"thumbnailUrl":"https:\/\/www.yazminaraies.com\/wp-content\/uploads\/2023\/10\/Piano-tango-principiantes-1.png","datePublished":"2023-12-18T13:12:24+00:00","dateModified":"2026-04-16T13:45:37+00:00","breadcrumb":{"@id":"https:\/\/www.yazminaraies.com\/producto\/piano-tango-principiantes\/#breadcrumb"},"inLanguage":"en-US","potentialAction":[{"@type":"ReadAction","target":["https:\/\/www.yazminaraies.com\/producto\/piano-tango-principiantes\/"]}]},{"@type":"ImageObject","inLanguage":"en-US","@id":"https:\/\/www.yazminaraies.com\/producto\/piano-tango-principiantes\/#primaryimage","url":"https:\/\/www.yazminaraies.com\/wp-content\/uploads\/2023\/10\/Piano-tango-principiantes-1.png","contentUrl":"https:\/\/www.yazminaraies.com\/wp-content\/uploads\/2023\/10\/Piano-tango-principiantes-1.png","width":600,"height":600},{"@type":"BreadcrumbList","@id":"https:\/\/www.yazminaraies.com\/producto\/piano-tango-principiantes\/#breadcrumb","itemListElement":[{"@type":"ListItem","position":1,"name":"Inicio","item":"https:\/\/www.yazminaraies.com\/"},{"@type":"ListItem","position":2,"name":"Shop","item":"https:\/\/www.yazminaraies.com\/tienda\/"},{"@type":"ListItem","position":3,"name":"Piano Tango para Principiantes (10% Off por Transferencia)"}]},{"@type":"WebSite","@id":"https:\/\/www.yazminaraies.com\/#website","url":"https:\/\/www.yazminaraies.com\/","name":"Yazmina Raies","description":"","publisher":{"@id":"https:\/\/www.yazminaraies.com\/#organization"},"potentialAction":[{"@type":"SearchAction","target":{"@type":"EntryPoint","urlTemplate":"https:\/\/www.yazminaraies.com\/?s={search_term_string}"},"query-input":{"@type":"PropertyValueSpecification","valueRequired":true,"valueName":"search_term_string"}}],"inLanguage":"en-US"},{"@type":"Organization","@id":"https:\/\/www.yazminaraies.com\/#organization","name":"Yazmina Raies","url":"https:\/\/www.yazminaraies.com\/","logo":{"@type":"ImageObject","inLanguage":"en-US","@id":"https:\/\/www.yazminaraies.com\/#\/schema\/logo\/image\/","url":"https:\/\/www.yazminaraies.com\/wp-content\/uploads\/2023\/10\/Yazmina-Raies-LogoFINAL-PNG-1.png","contentUrl":"https:\/\/www.yazminaraies.com\/wp-content\/uploads\/2023\/10\/Yazmina-Raies-LogoFINAL-PNG-1.png","width":5882,"height":1789,"caption":"Yazmina Raies"},"image":{"@id":"https:\/\/www.yazminaraies.com\/#\/schema\/logo\/image\/"}}]}},"_links":{"self":[{"href":"https:\/\/www.yazminaraies.com\/en\/wp-json\/wp\/v2\/product\/614","targetHints":{"allow":["GET"]}}],"collection":[{"href":"https:\/\/www.yazminaraies.com\/en\/wp-json\/wp\/v2\/product"}],"about":[{"href":"https:\/\/www.yazminaraies.com\/en\/wp-json\/wp\/v2\/types\/product"}],"replies":[{"embeddable":true,"href":"https:\/\/www.yazminaraies.com\/en\/wp-json\/wp\/v2\/comments?post=614"}],"wp:featuredmedia":[{"embeddable":true,"href":"https:\/\/www.yazminaraies.com\/en\/wp-json\/wp\/v2\/media\/1152"}],"wp:attachment":[{"href":"https:\/\/www.yazminaraies.com\/en\/wp-json\/wp\/v2\/media?parent=614"}],"wp:term":[{"taxonomy":"product_brand","embeddable":true,"href":"https:\/\/www.yazminaraies.com\/en\/wp-json\/wp\/v2\/product_brand?post=614"},{"taxonomy":"product_cat","embeddable":true,"href":"https:\/\/www.yazminaraies.com\/en\/wp-json\/wp\/v2\/product_cat?post=614"},{"taxonomy":"product_tag","embeddable":true,"href":"https:\/\/www.yazminaraies.com\/en\/wp-json\/wp\/v2\/product_tag?post=614"}],"curies":[{"name":"wp","href":"https:\/\/api.w.org\/{rel}","templated":true}]}}